{"id":8,"date":"2019-03-05T13:19:05","date_gmt":"2019-03-05T12:19:05","guid":{"rendered":"https:\/\/www.schoeki.ch\/de\/impressum\/"},"modified":"2023-08-31T11:42:27","modified_gmt":"2023-08-31T09:42:27","slug":"impressum","status":"publish","type":"page","link":"https:\/\/www.schoeki.ch\/de\/impressum\/","title":{"rendered":"Impressum"},"content":{"rendered":"<p>SCH\u00d6KI GmbH<br \/>\nLimburgerstra\u00dfe 74 B<br \/>\n04229 Leipzig<br \/>\nDeutschland<\/p>\n<p>Gesch\u00e4ftsf\u00fchrung: Oliver von Braun-Dams<\/p>\n<p>Telefonnummer: +49 341 978 567 34<br \/>\nE-Mailadresse: hello@schoeki.de<\/p>\n<p>Registergericht &amp; Registernummer: Handelsregister B des Amtsgerichts Leipzig, HRB 35467<\/p>\n<p>Umsatzsteuer-Identifikationsnummer: DE320560845<\/p>\n<p>Bio-Zertifizierung: DE-\u00d6KO-039 (GfRS)<\/p>\n<p>Inhaltlich verantwortlich: Oliver von Braun-Dams, Adresse wie oben.<\/p>\n<p>Wir sind nicht bereit und nicht verpflichtet an einem Streitbeilegungsverfahren vor einer Verbraucherschlichtungsstelle teilzunehmen.<\/p>\n","protected":false},"excerpt":{"rendered":"<p>SCH\u00d6KI GmbH Limburgerstra\u00dfe 74 B 04229 Leipzig Deutschland Gesch\u00e4ftsf\u00fchrung: Oliver von Braun-Dams Telefonnummer: +49 341 978 567 34 E-Mailadresse: hello@schoeki.de [&hellip;]<\/p>\n","protected":false},"author":1,"featured_media":0,"parent":0,"menu_order":0,"comment_status":"closed","ping_status":"closed","template":"page-fullwidth.php","meta":{"footnotes":""},"class_list":["post-8","page","type-page","status-publish","hentry","no-featured-image"],"_links":{"self":[{"href":"https:\/\/www.schoeki.ch\/de\/wp-json\/wp\/v2\/pages\/8","targetHints":{"allow":["GET"]}}],"collection":[{"href":"https:\/\/www.schoeki.ch\/de\/wp-json\/wp\/v2\/pages"}],"about":[{"href":"https:\/\/www.schoeki.ch\/de\/wp-json\/wp\/v2\/types\/page"}],"author":[{"embeddable":true,"href":"https:\/\/www.schoeki.ch\/de\/wp-json\/wp\/v2\/users\/1"}],"replies":[{"embeddable":true,"href":"https:\/\/www.schoeki.ch\/de\/wp-json\/wp\/v2\/comments?post=8"}],"version-history":[{"count":5,"href":"https:\/\/www.schoeki.ch\/de\/wp-json\/wp\/v2\/pages\/8\/revisions"}],"predecessor-version":[{"id":352,"href":"https:\/\/www.schoeki.ch\/de\/wp-json\/wp\/v2\/pages\/8\/revisions\/352"}],"wp:attachment":[{"href":"https:\/\/www.schoeki.ch\/de\/wp-json\/wp\/v2\/media?parent=8"}],"curies":[{"name":"wp","href":"https:\/\/api.w.org\/{rel}","templated":true}]}}